{"id":485,"date":"2024-01-10T15:58:31","date_gmt":"2024-01-10T15:58:31","guid":{"rendered":"https:\/\/telematics-store.com\/cart-2\/"},"modified":"2024-07-22T10:26:06","modified_gmt":"2024-07-22T10:26:06","slug":"cart-2","status":"publish","type":"page","link":"https:\/\/telematics-store.com\/en\/cart-2\/","title":{"rendered":"Shopping cart"},"content":{"rendered":"\n<div data-block-name=\"woocommerce\/cart\" class=\"wp-block-woocommerce-cart alignwide is-loading\">\n<div data-block-name=\"woocommerce\/filled-cart-block\" class=\"wp-block-woocommerce-filled-cart-block\">\n<div data-block-name=\"woocommerce\/cart-items-block\" class=\"wp-block-woocommerce-cart-items-block\">\n<div data-block-name=\"woocommerce\/cart-line-items-block\" class=\"wp-block-woocommerce-cart-line-items-block\"><\/div>\n\n\n\n<div data-block-name=\"woocommerce\/cart-cross-sells-block\" class=\"wp-block-woocommerce-cart-cross-sells-block\">\n<h2 class=\"wp-block-heading has-large-font-size\">You may be interested in&#8230;<\/h2>\n\n\n\n<div data-block-name=\"woocommerce\/cart-cross-sells-products-block\" class=\"wp-block-woocommerce-cart-cross-sells-products-block\"><\/div>\n<\/div>\n\n\nHier erf\u00e4hrst du mehr zu den <a data-block-name=\"german-market-blocks\/cartinfo\" href=\"https:\/\/telematics-store.com\/en\/shipping-delivery\/\" class=\"wgm-versandkosten\" target=\"_blank\">Versandkosten<\/a>, <a href=\"https:\/\/telematics-store.com\/en\/payment-methods\/\" class=\"wgm-zahlungsarten\" target=\"_blank\">Zahlungsweisen<\/a> und unserer <a href=\"https:\/\/telematics-store.com\/en\/revocation\/\" class=\"wgm-widerruf\" target=\"_blank\">Widerrufsbelehrung<\/a>.<\/div>\n\n\n\n<div data-block-name=\"woocommerce\/cart-totals-block\" class=\"wp-block-woocommerce-cart-totals-block\">\n<div data-block-name=\"woocommerce\/cart-order-summary-block\" class=\"wp-block-woocommerce-cart-order-summary-block\">\n<div data-block-name=\"woocommerce\/cart-order-summary-heading-block\" class=\"wp-block-woocommerce-cart-order-summary-heading-block\"><\/div><div data-block-name=\"woocommerce\/cart-order-summary-coupon-form-block\" class=\"wp-block-woocommerce-cart-order-summary-coupon-form-block\"><\/div><div data-block-name=\"woocommerce\/cart-order-summary-totals-block\" class=\"wp-block-woocommerce-cart-order-summary-totals-block\">\n<div data-block-name=\"woocommerce\/cart-order-summary-subtotal-block\" class=\"wp-block-woocommerce-cart-order-summary-subtotal-block\"><\/div>\n<div data-block-name=\"woocommerce\/cart-order-summary-discount-block\" class=\"wp-block-woocommerce-cart-order-summary-discount-block\"><\/div>\n<div data-block-name=\"woocommerce\/cart-order-summary-fee-block\" class=\"wp-block-woocommerce-cart-order-summary-fee-block\"><\/div>\n<div data-block-name=\"woocommerce\/cart-order-summary-shipping-block\" class=\"wp-block-woocommerce-cart-order-summary-shipping-block\"><\/div>\n<div data-block-name=\"woocommerce\/cart-order-summary-taxes-block\" class=\"wp-block-woocommerce-cart-order-summary-taxes-block\"><\/div><\/div>\n<\/div>\n\n\n\n<div data-block-name=\"woocommerce\/cart-express-payment-block\" class=\"wp-block-woocommerce-cart-express-payment-block\"><\/div>\n\n\n\n<div data-block-name=\"woocommerce\/proceed-to-checkout-block\" class=\"wp-block-woocommerce-proceed-to-checkout-block\"><\/div>\n\n\n\n<div data-block-name=\"woocommerce\/cart-accepted-payment-methods-block\" class=\"wp-block-woocommerce-cart-accepted-payment-methods-block\"><\/div>\n<\/div>\n<\/div>\n\n\n\n<div data-block-name=\"woocommerce\/empty-cart-block\" class=\"wp-block-woocommerce-empty-cart-block\">\n<h2 class=\"wp-block-heading has-text-align-center with-empty-cart-icon wc-block-cart__empty-cart__title\">Your cart is currently empty!<\/h2>\n\n\n\n<hr class=\"wp-block-separator has-alpha-channel-opacity is-style-dots\"\/>\n\n\n\n<h2 class=\"wp-block-heading has-text-align-center\">New in store<\/h2>\n\n\n<div data-block-name=\"woocommerce\/product-new\" data-columns=\"4\" data-rows=\"1\" class=\"wc-block-grid wp-block-product-new wp-block-woocommerce-product-new wc-block-product-new has-4-columns\"><ul class=\"wc-block-grid__products\"><li class=\"wc-block-grid__product\">\n\t\t\t\t<a href=\"https:\/\/telematics-store.com\/en\/produkt\/replacement-garmin-fmi-15-fleet-management-interface-cable\/\" class=\"wc-block-grid__product-link\">\n\t\t\t\t\t\n\t\t\t\t\t<div class=\"wc-block-grid__product-image\"><img loading=\"lazy\" decoding=\"async\" width=\"300\" height=\"300\" src=\"https:\/\/telematics-store.com\/wp-content\/uploads\/2024\/06\/fmi15-kabel-garmin-ERSATZPRODUKT-Detail-300x300.webp\" class=\"attachment-woocommerce_thumbnail size-woocommerce_thumbnail\" alt=\"Ersatz f\u00fcr Garmin FMI15 Kabel\" srcset=\"https:\/\/telematics-store.com\/wp-content\/uploads\/2024\/06\/fmi15-kabel-garmin-ERSATZPRODUKT-Detail-300x300.webp 300w, https:\/\/telematics-store.com\/wp-content\/uploads\/2024\/06\/fmi15-kabel-garmin-ERSATZPRODUKT-Detail-1024x1024.webp 1024w, https:\/\/telematics-store.com\/wp-content\/uploads\/2024\/06\/fmi15-kabel-garmin-ERSATZPRODUKT-Detail-150x150.webp 150w, https:\/\/telematics-store.com\/wp-content\/uploads\/2024\/06\/fmi15-kabel-garmin-ERSATZPRODUKT-Detail-768x767.webp 768w, https:\/\/telematics-store.com\/wp-content\/uploads\/2024\/06\/fmi15-kabel-garmin-ERSATZPRODUKT-Detail-600x599.webp 600w, https:\/\/telematics-store.com\/wp-content\/uploads\/2024\/06\/fmi15-kabel-garmin-ERSATZPRODUKT-Detail-100x100.webp 100w, https:\/\/telematics-store.com\/wp-content\/uploads\/2024\/06\/fmi15-kabel-garmin-ERSATZPRODUKT-Detail.webp 1168w\" sizes=\"auto, (max-width: 300px) 100vw, 300px\" \/><\/div>\n\t\t\t\t\t<div class=\"wc-block-grid__product-title\">Replacement product for Garmin FMI 15 Fleet Management Interface Cable<\/div>\n\t\t\t\t<\/a>\n\t\t\t\t<div class=\"wc-block-grid__product-price price\"><span class=\"woocommerce-Price-amount amount\"><span class=\"woocommerce-Price-currencySymbol\">&euro;<\/span>&nbsp;30,00<\/span><\/div>\n\t\t<div class=\"wgm-info woocommerce-de_price_taxrate \"><\/div>\n\t\t<div class=\"wgm-info woocommerce_de_versandkosten\">plus <a class=\"versandkosten\" href=\"https:\/\/telematics-store.com\/en\/shipping-delivery\/\" target=\"_blank\">shipping<\/a><\/div><div class=\"wgm-info shipping_de shipping_de_string delivery-time-ca-10-werktage\">\n\t\t\t\t<small>\n\t\t\t\t\t<span>Delivery Time: ca. 10 Werktage<\/span>\n\t\t\t\t<\/small>\n\t\t\t<\/div><small class=\"wgm-info wgm-extra-costs-eu\">Bei Lieferungen in Nicht-EU-L\u00e4nder k\u00f6nnen zus\u00e4tzliche Z\u00f6lle, Steuern und Geb\u00fchren anfallen.<\/small>\n\t\t\t\t\n\t\t\t\t<div class=\"wp-block-button wc-block-grid__product-add-to-cart\"><a href=\"\/en\/wp-json\/wp\/v2\/pages\/485?add-to-cart=943\" aria-label=\"Add to cart: &ldquo;Replacement product for Garmin FMI 15 Fleet Management Interface Cable&rdquo;\" data-quantity=\"1\" data-product_id=\"943\" data-product_sku=\"FGX30015-20000\" data-price=\"30\" rel=\"nofollow\" class=\"wp-block-button__link wp-element-button add_to_cart_button ajax_add_to_cart\">Add to cart<\/a><\/div>\n\t\t\t<\/li><li class=\"wc-block-grid__product\">\n\t\t\t\t<a href=\"https:\/\/telematics-store.com\/en\/produkt\/garmin-fmi-15-fleet-management-interface-cable-p-n-010-11232-10\/\" class=\"wc-block-grid__product-link\">\n\t\t\t\t\t\n\t\t\t\t\t<div class=\"wc-block-grid__product-image\"><img loading=\"lazy\" decoding=\"async\" width=\"300\" height=\"300\" src=\"https:\/\/telematics-store.com\/wp-content\/uploads\/2024\/03\/fmi15_dc0be7e427cac958729b059e96eba1e1787b64db_010_11232_10-300x300.jpeg\" class=\"attachment-woocommerce_thumbnail size-woocommerce_thumbnail\" alt=\"Garmin FMI 15 Fleet Management Interface Cable P\/N 010-11232-10\" srcset=\"https:\/\/telematics-store.com\/wp-content\/uploads\/2024\/03\/fmi15_dc0be7e427cac958729b059e96eba1e1787b64db_010_11232_10-300x300.jpeg 300w, https:\/\/telematics-store.com\/wp-content\/uploads\/2024\/03\/fmi15_dc0be7e427cac958729b059e96eba1e1787b64db_010_11232_10-150x150.jpeg 150w, https:\/\/telematics-store.com\/wp-content\/uploads\/2024\/03\/fmi15_dc0be7e427cac958729b059e96eba1e1787b64db_010_11232_10-100x100.jpeg 100w\" sizes=\"auto, (max-width: 300px) 100vw, 300px\" \/><\/div>\n\t\t\t\t\t<div class=\"wc-block-grid__product-title\">Garmin FMI 15 Fleet Management Interface Cable P\/N 010-11232-10<\/div>\n\t\t\t\t<\/a>\n\t\t\t\t<div class=\"wc-block-grid__product-price price\"><span class=\"woocommerce-Price-amount amount\"><span class=\"woocommerce-Price-currencySymbol\">&euro;<\/span>&nbsp;45,00<\/span><\/div>\n\t\t<div class=\"wgm-info woocommerce-de_price_taxrate \"><\/div>\n\t\t<div class=\"wgm-info woocommerce_de_versandkosten\">plus <a class=\"versandkosten\" href=\"https:\/\/telematics-store.com\/en\/shipping-delivery\/\" target=\"_blank\">shipping<\/a><\/div><small class=\"wgm-info wgm-extra-costs-eu\">Bei Lieferungen in Nicht-EU-L\u00e4nder k\u00f6nnen zus\u00e4tzliche Z\u00f6lle, Steuern und Geb\u00fchren anfallen.<\/small>\n\t\t\t\t\n\t\t\t\t<div class=\"wp-block-button wc-block-grid__product-add-to-cart\"><a href=\"https:\/\/telematics-store.com\/en\/produkt\/garmin-fmi-15-fleet-management-interface-cable-p-n-010-11232-10\/\" aria-label=\"Read more about &ldquo;Garmin FMI 15 Fleet Management Interface Cable P\/N 010-11232-10&rdquo;\" data-quantity=\"1\" data-product_id=\"786\" data-product_sku=\"010-11232-10\" data-price=\"45\" rel=\"nofollow\" class=\"wp-block-button__link wp-element-button add_to_cart_button\">Read more<\/a><\/div>\n\t\t\t<\/li><li class=\"wc-block-grid__product\">\n\t\t\t\t<a href=\"https:\/\/telematics-store.com\/en\/produkt\/teltonika-cable-set-fm6xy-fmb6xy-fmc6xy-10-x-2-pins\/\" class=\"wc-block-grid__product-link\">\n\t\t\t\t\t\n\t\t\t\t\t<div class=\"wc-block-grid__product-image\"><img loading=\"lazy\" decoding=\"async\" width=\"300\" height=\"300\" src=\"https:\/\/telematics-store.com\/wp-content\/uploads\/2024\/03\/cable-harness-FMB6xy-300x300.jpeg\" class=\"attachment-woocommerce_thumbnail size-woocommerce_thumbnail\" alt=\"Teltonika Kabelsatz FM6XY\/FMB6XY\/FMC6XY (10 x 2 pins)\" srcset=\"https:\/\/telematics-store.com\/wp-content\/uploads\/2024\/03\/cable-harness-FMB6xy-300x300.jpeg 300w, https:\/\/telematics-store.com\/wp-content\/uploads\/2024\/03\/cable-harness-FMB6xy-150x150.jpeg 150w, https:\/\/telematics-store.com\/wp-content\/uploads\/2024\/03\/cable-harness-FMB6xy-100x100.jpeg 100w\" sizes=\"auto, (max-width: 300px) 100vw, 300px\" \/><\/div>\n\t\t\t\t\t<div class=\"wc-block-grid__product-title\">Teltonika cable harness FM6XY\/FMB6XY\/FMC6XY (10 x 2 pins)<\/div>\n\t\t\t\t<\/a>\n\t\t\t\t<div class=\"wc-block-grid__product-price price\"><span class=\"woocommerce-Price-amount amount\"><span class=\"woocommerce-Price-currencySymbol\">&euro;<\/span>&nbsp;4,98<\/span><\/div>\n\t\t<div class=\"wgm-info woocommerce-de_price_taxrate \"><\/div>\n\t\t<div class=\"wgm-info woocommerce_de_versandkosten\">plus <a class=\"versandkosten\" href=\"https:\/\/telematics-store.com\/en\/shipping-delivery\/\" target=\"_blank\">shipping<\/a><\/div><div class=\"wgm-info shipping_de shipping_de_string delivery-time-ca-10-werktage\">\n\t\t\t\t<small>\n\t\t\t\t\t<span>Delivery Time: ca. 10 Werktage<\/span>\n\t\t\t\t<\/small>\n\t\t\t<\/div><small class=\"wgm-info wgm-extra-costs-eu\">Bei Lieferungen in Nicht-EU-L\u00e4nder k\u00f6nnen zus\u00e4tzliche Z\u00f6lle, Steuern und Geb\u00fchren anfallen.<\/small>\n\t\t\t\t\n\t\t\t\t<div class=\"wp-block-button wc-block-grid__product-add-to-cart\"><a href=\"\/en\/wp-json\/wp\/v2\/pages\/485?add-to-cart=777\" aria-label=\"Add to cart: &ldquo;Teltonika cable harness FM6XY\/FMB6XY\/FMC6XY (10 x 2 pins)&rdquo;\" data-quantity=\"1\" data-product_id=\"777\" data-product_sku=\"023-00091\" data-price=\"4.98\" rel=\"nofollow\" class=\"wp-block-button__link wp-element-button add_to_cart_button ajax_add_to_cart\">Add to cart<\/a><\/div>\n\t\t\t<\/li><li class=\"wc-block-grid__product\">\n\t\t\t\t<a href=\"https:\/\/telematics-store.com\/en\/produkt\/telematics-wiring-harness-12pin-teltonika-pre-assembled-with-connectors\/\" class=\"wc-block-grid__product-link\">\n\t\t\t\t\t\n\t\t\t\t\t<div class=\"wc-block-grid__product-image\"><img loading=\"lazy\" decoding=\"async\" width=\"300\" height=\"300\" src=\"https:\/\/telematics-store.com\/wp-content\/uploads\/2024\/02\/DSC02794-Kopie-300x300.jpg\" class=\"attachment-woocommerce_thumbnail size-woocommerce_thumbnail\" alt=\"Teltonika 12PIN-Kabelsatz mit Steckverbindern f\u00fcr FahrerID, CANBUS und Privatschalter\" srcset=\"https:\/\/telematics-store.com\/wp-content\/uploads\/2024\/02\/DSC02794-Kopie-300x300.jpg 300w, https:\/\/telematics-store.com\/wp-content\/uploads\/2024\/02\/DSC02794-Kopie-1024x1024.jpg 1024w, https:\/\/telematics-store.com\/wp-content\/uploads\/2024\/02\/DSC02794-Kopie-150x150.jpg 150w, https:\/\/telematics-store.com\/wp-content\/uploads\/2024\/02\/DSC02794-Kopie-768x768.jpg 768w, https:\/\/telematics-store.com\/wp-content\/uploads\/2024\/02\/DSC02794-Kopie-1536x1536.jpg 1536w, https:\/\/telematics-store.com\/wp-content\/uploads\/2024\/02\/DSC02794-Kopie-600x600.jpg 600w, https:\/\/telematics-store.com\/wp-content\/uploads\/2024\/02\/DSC02794-Kopie-100x100.jpg 100w, https:\/\/telematics-store.com\/wp-content\/uploads\/2024\/02\/DSC02794-Kopie.jpg 2000w\" sizes=\"auto, (max-width: 300px) 100vw, 300px\" \/><\/div>\n\t\t\t\t\t<div class=\"wc-block-grid__product-title\">Teltonika 12PIN cable set with connectors for driver ID, CANBUS and private switch<\/div>\n\t\t\t\t<\/a>\n\t\t\t\t<div class=\"wc-block-grid__product-price price\"><span class=\"woocommerce-Price-amount amount\"><span class=\"woocommerce-Price-currencySymbol\">&euro;<\/span>&nbsp;30,00<\/span><\/div>\n\t\t<div class=\"wgm-info woocommerce-de_price_taxrate \"><\/div>\n\t\t<div class=\"wgm-info woocommerce_de_versandkosten\">plus <a class=\"versandkosten\" href=\"https:\/\/telematics-store.com\/en\/shipping-delivery\/\" target=\"_blank\">shipping<\/a><\/div><div class=\"wgm-info shipping_de shipping_de_string delivery-time-ca-10-werktage\">\n\t\t\t\t<small>\n\t\t\t\t\t<span>Delivery Time: ca. 10 Werktage<\/span>\n\t\t\t\t<\/small>\n\t\t\t<\/div><small class=\"wgm-info wgm-extra-costs-eu\">Bei Lieferungen in Nicht-EU-L\u00e4nder k\u00f6nnen zus\u00e4tzliche Z\u00f6lle, Steuern und Geb\u00fchren anfallen.<\/small>\n\t\t\t\t\n\t\t\t\t<div class=\"wp-block-button wc-block-grid__product-add-to-cart\"><a href=\"\/en\/wp-json\/wp\/v2\/pages\/485?add-to-cart=604\" aria-label=\"Add to cart: &ldquo;Teltonika 12PIN cable set with connectors for driver ID, CANBUS and private switch&rdquo;\" data-quantity=\"1\" data-product_id=\"604\" data-product_sku=\"GPS-11010-20000\" data-price=\"30\" rel=\"nofollow\" class=\"wp-block-button__link wp-element-button add_to_cart_button ajax_add_to_cart\">Add to cart<\/a><\/div>\n\t\t\t<\/li><\/ul><\/div><\/div>\n<\/div>\n","protected":false},"excerpt":{"rendered":"","protected":false},"author":1,"featured_media":0,"parent":0,"menu_order":0,"comment_status":"closed","ping_status":"closed","template":"","meta":{"footnotes":""},"class_list":["post-485","page","type-page","status-publish","hentry"],"yoast_head":"<!-- This site is optimized with the Yoast SEO plugin v27.6 - https:\/\/yoast.com\/product\/yoast-seo-wordpress\/ -->\n<title>Shopping cart - Telematik Kabel-Konfektionierung<\/title>\n<meta name=\"robots\" content=\"noindex, follow\" \/>\n<meta property=\"og:locale\" content=\"en_US\" \/>\n<meta property=\"og:type\" content=\"article\" \/>\n<meta property=\"og:title\" content=\"Shopping cart - Telematik Kabel-Konfektionierung\" \/>\n<meta property=\"og:url\" content=\"https:\/\/telematics-store.com\/en\/cart-2\/\" \/>\n<meta property=\"og:site_name\" content=\"Telematik Kabel-Konfektionierung\" \/>\n<meta property=\"article:modified_time\" content=\"2024-07-22T10:26:06+00:00\" \/>\n<meta name=\"twitter:card\" content=\"summary_large_image\" \/>\n<script type=\"application\/ld+json\" class=\"yoast-schema-graph\">{\"@context\":\"https:\\\/\\\/schema.org\",\"@graph\":[{\"@type\":\"WebPage\",\"@id\":\"https:\\\/\\\/telematics-store.com\\\/en\\\/cart-2\\\/\",\"url\":\"https:\\\/\\\/telematics-store.com\\\/en\\\/cart-2\\\/\",\"name\":\"Shopping cart - Telematik Kabel-Konfektionierung\",\"isPartOf\":{\"@id\":\"https:\\\/\\\/telematics-store.com\\\/en\\\/#website\"},\"datePublished\":\"2024-01-10T15:58:31+00:00\",\"dateModified\":\"2024-07-22T10:26:06+00:00\",\"breadcrumb\":{\"@id\":\"https:\\\/\\\/telematics-store.com\\\/en\\\/cart-2\\\/#breadcrumb\"},\"inLanguage\":\"en-US\",\"potentialAction\":[{\"@type\":\"ReadAction\",\"target\":[\"https:\\\/\\\/telematics-store.com\\\/en\\\/cart-2\\\/\"]}]},{\"@type\":\"BreadcrumbList\",\"@id\":\"https:\\\/\\\/telematics-store.com\\\/en\\\/cart-2\\\/#breadcrumb\",\"itemListElement\":[{\"@type\":\"ListItem\",\"position\":1,\"name\":\"Home\",\"item\":\"https:\\\/\\\/telematics-store.com\\\/en\\\/\"},{\"@type\":\"ListItem\",\"position\":2,\"name\":\"Shopping cart\"}]},{\"@type\":\"WebSite\",\"@id\":\"https:\\\/\\\/telematics-store.com\\\/en\\\/#website\",\"url\":\"https:\\\/\\\/telematics-store.com\\\/en\\\/\",\"name\":\"Telematik Kabel-Konfektionierung\",\"description\":\"\",\"publisher\":{\"@id\":\"https:\\\/\\\/telematics-store.com\\\/en\\\/#organization\"},\"potentialAction\":[{\"@type\":\"SearchAction\",\"target\":{\"@type\":\"EntryPoint\",\"urlTemplate\":\"https:\\\/\\\/telematics-store.com\\\/en\\\/?s={search_term_string}\"},\"query-input\":{\"@type\":\"PropertyValueSpecification\",\"valueRequired\":true,\"valueName\":\"search_term_string\"}}],\"inLanguage\":\"en-US\"},{\"@type\":\"Organization\",\"@id\":\"https:\\\/\\\/telematics-store.com\\\/en\\\/#organization\",\"name\":\"Telematik Kabel-Konfektionierung\",\"url\":\"https:\\\/\\\/telematics-store.com\\\/en\\\/\",\"logo\":{\"@type\":\"ImageObject\",\"inLanguage\":\"en-US\",\"@id\":\"https:\\\/\\\/telematics-store.com\\\/en\\\/#\\\/schema\\\/logo\\\/image\\\/\",\"url\":\"https:\\\/\\\/telematics-store.com\\\/wp-content\\\/uploads\\\/2024\\\/02\\\/Element-2.png\",\"contentUrl\":\"https:\\\/\\\/telematics-store.com\\\/wp-content\\\/uploads\\\/2024\\\/02\\\/Element-2.png\",\"width\":350,\"height\":96,\"caption\":\"Telematik Kabel-Konfektionierung\"},\"image\":{\"@id\":\"https:\\\/\\\/telematics-store.com\\\/en\\\/#\\\/schema\\\/logo\\\/image\\\/\"}}]}<\/script>\n<!-- \/ Yoast SEO plugin. -->","yoast_head_json":{"title":"Shopping cart - Telematik Kabel-Konfektionierung","robots":{"index":"noindex","follow":"follow"},"og_locale":"en_US","og_type":"article","og_title":"Shopping cart - Telematik Kabel-Konfektionierung","og_url":"https:\/\/telematics-store.com\/en\/cart-2\/","og_site_name":"Telematik Kabel-Konfektionierung","article_modified_time":"2024-07-22T10:26:06+00:00","twitter_card":"summary_large_image","schema":{"@context":"https:\/\/schema.org","@graph":[{"@type":"WebPage","@id":"https:\/\/telematics-store.com\/en\/cart-2\/","url":"https:\/\/telematics-store.com\/en\/cart-2\/","name":"Shopping cart - Telematik Kabel-Konfektionierung","isPartOf":{"@id":"https:\/\/telematics-store.com\/en\/#website"},"datePublished":"2024-01-10T15:58:31+00:00","dateModified":"2024-07-22T10:26:06+00:00","breadcrumb":{"@id":"https:\/\/telematics-store.com\/en\/cart-2\/#breadcrumb"},"inLanguage":"en-US","potentialAction":[{"@type":"ReadAction","target":["https:\/\/telematics-store.com\/en\/cart-2\/"]}]},{"@type":"BreadcrumbList","@id":"https:\/\/telematics-store.com\/en\/cart-2\/#breadcrumb","itemListElement":[{"@type":"ListItem","position":1,"name":"Home","item":"https:\/\/telematics-store.com\/en\/"},{"@type":"ListItem","position":2,"name":"Shopping cart"}]},{"@type":"WebSite","@id":"https:\/\/telematics-store.com\/en\/#website","url":"https:\/\/telematics-store.com\/en\/","name":"Telematik Kabel-Konfektionierung","description":"","publisher":{"@id":"https:\/\/telematics-store.com\/en\/#organization"},"potentialAction":[{"@type":"SearchAction","target":{"@type":"EntryPoint","urlTemplate":"https:\/\/telematics-store.com\/en\/?s={search_term_string}"},"query-input":{"@type":"PropertyValueSpecification","valueRequired":true,"valueName":"search_term_string"}}],"inLanguage":"en-US"},{"@type":"Organization","@id":"https:\/\/telematics-store.com\/en\/#organization","name":"Telematik Kabel-Konfektionierung","url":"https:\/\/telematics-store.com\/en\/","logo":{"@type":"ImageObject","inLanguage":"en-US","@id":"https:\/\/telematics-store.com\/en\/#\/schema\/logo\/image\/","url":"https:\/\/telematics-store.com\/wp-content\/uploads\/2024\/02\/Element-2.png","contentUrl":"https:\/\/telematics-store.com\/wp-content\/uploads\/2024\/02\/Element-2.png","width":350,"height":96,"caption":"Telematik Kabel-Konfektionierung"},"image":{"@id":"https:\/\/telematics-store.com\/en\/#\/schema\/logo\/image\/"}}]}},"jetpack_sharing_enabled":true,"_links":{"self":[{"href":"https:\/\/telematics-store.com\/en\/wp-json\/wp\/v2\/pages\/485","targetHints":{"allow":["GET"]}}],"collection":[{"href":"https:\/\/telematics-store.com\/en\/wp-json\/wp\/v2\/pages"}],"about":[{"href":"https:\/\/telematics-store.com\/en\/wp-json\/wp\/v2\/types\/page"}],"author":[{"embeddable":true,"href":"https:\/\/telematics-store.com\/en\/wp-json\/wp\/v2\/users\/1"}],"replies":[{"embeddable":true,"href":"https:\/\/telematics-store.com\/en\/wp-json\/wp\/v2\/comments?post=485"}],"version-history":[{"count":2,"href":"https:\/\/telematics-store.com\/en\/wp-json\/wp\/v2\/pages\/485\/revisions"}],"predecessor-version":[{"id":903,"href":"https:\/\/telematics-store.com\/en\/wp-json\/wp\/v2\/pages\/485\/revisions\/903"}],"wp:attachment":[{"href":"https:\/\/telematics-store.com\/en\/wp-json\/wp\/v2\/media?parent=485"}],"curies":[{"name":"wp","href":"https:\/\/api.w.org\/{rel}","templated":true}]}}